{"id":73,"date":"2018-06-09T02:05:50","date_gmt":"2018-06-08T23:05:50","guid":{"rendered":"https:\/\/cervi.orestisrovakis.com\/eventi\/business-eventi\/"},"modified":"2019-06-14T13:27:33","modified_gmt":"2019-06-14T10:27:33","slug":"business-eventi","status":"publish","type":"page","link":"https:\/\/www.cervi.gr\/it\/eventi\/business-eventi\/","title":{"rendered":"Business Eventi"},"content":{"rendered":"<p>[et_pb_section fb_built=&#8221;1&#8243; _builder_version=&#8221;3.17.6&#8243; custom_padding=&#8221;0|0px|50px|0px|false|false&#8221;][et_pb_row make_fullwidth=&#8221;on&#8221; use_custom_gutter=&#8221;on&#8221; gutter_width=&#8221;1&#8243; custom_padding=&#8221;0|0px|0|0px|false|false&#8221; _builder_version=&#8221;3.17.6&#8243;][et_pb_column type=&#8221;4_4&#8243; _builder_version=&#8221;3.17.6&#8243; parallax=&#8221;off&#8221; parallax_method=&#8221;on&#8221;][et_pb_image src=&#8221;https:\/\/www.cervi.gr\/wp-content\/uploads\/2018\/11\/boho-wedding-on-the-beach-in-elafonisos-greece-cervi.jpg&#8221; align=&#8221;center&#8221; _builder_version=&#8221;3.17.6&#8243; custom_css_main_element=&#8221;max-width:1400px;&#8221;][\/et_pb_image][\/et_pb_column][\/et_pb_row][\/et_pb_section][et_pb_section fb_built=&#8221;1&#8243; custom_padding_last_edited=&#8221;on|desktop&#8221; _builder_version=&#8221;3.19.6&#8243; background_color=&#8221;#ffffff&#8221; max_width_tablet=&#8221;100%&#8221; max_width_last_edited=&#8221;off|desktop&#8221; custom_padding=&#8221;0|32px|54px|32px|false|true&#8221; custom_padding_tablet=&#8221;|0px||0px&#8221; custom_padding_phone=&#8221;|0px||0px&#8221;][et_pb_row use_custom_gutter=&#8221;on&#8221; gutter_width=&#8221;1&#8243; custom_padding=&#8221;0px||0||false|false&#8221; use_background_color_gradient_1=&#8221;off&#8221; background_color_gradient_start_1=&#8221;rgba(215,204,186,0)&#8221; background_color_gradient_end_1=&#8221;#ffffff&#8221; background_color_gradient_start_position_1=&#8221;84%&#8221; background_color_gradient_end_position_1=&#8221;85%&#8221; _builder_version=&#8221;3.19.6&#8243; custom_css_main_element=&#8221;background: #fffabsolute; \/* Old browsers *\/||background: -moz-linear-gradient(top, #fff 0%, #fff 18%, #7cccbf 18%, #7cccbf 75%, #fff 76%, #fff 100%); \/* FF3.6-15 *\/||background: -webkit-linear-gradient(top, #fff 0%,#fff 18%,#7cccbf 18%,#7cccbf 75%,#fff 76%,#fff 100%); \/* Chrome10-25,Safari5.1-6 *\/||background: linear-gradient(to bottom, #fff 0%,#fff 18%,#7cccbf 18%,#7cccbf 75%,#fff 76%,#fff 100%); \/* W3C, IE10+, FF16+, Chrome26+, Opera12+, Safari7+ *\/&#8221; collapsed=&#8221;off&#8221; custom_css_main_element__hover_enabled=&#8221;on&#8221;][et_pb_column type=&#8221;4_4&#8243; _builder_version=&#8221;3.0.47&#8243; parallax=&#8221;off&#8221; parallax_method=&#8221;on&#8221; use_background_color_gradient=&#8221;off&#8221; background_color_gradient_start=&#8221;rgba(215,204,186,0)&#8221; background_color_gradient_end=&#8221;#ffffff&#8221; background_color_gradient_start_position=&#8221;84%&#8221; background_color_gradient_end_position=&#8221;85%&#8221;][et_pb_text admin_label=&#8221;\u03a4\u03b9\u03c4\u03bb\u03bf\u03c2 1&#8243; _builder_version=&#8221;3.19.6&#8243; text_font=&#8221;||||||||&#8221; header_font=&#8221;|700|||||||&#8221; header_font_size=&#8221;50px&#8221; header_font_size_tablet=&#8221;48px&#8221; header_font_size_phone=&#8221;32px&#8221; header_font_size_last_edited=&#8221;on|phone&#8221; header_line_height_phone=&#8221;1.2em&#8221; header_line_height_last_edited=&#8221;on|phone&#8221; header_2_font=&#8221;||||||||&#8221; border_color_all=&#8221;#e09900&#8243; max_width_tablet=&#8221;100%&#8221; max_width_last_edited=&#8221;off|desktop&#8221; custom_margin=&#8221;|||&#8221; custom_margin_last_edited=&#8221;on|tablet&#8221; custom_padding=&#8221;0px||0px|10px&#8221;]<\/p>\n<h1>BUSINESS<br \/>\nEVENTI A<br \/>\nELAFONISSOS<\/h1>\n<p>[\/et_pb_text][\/et_pb_column][\/et_pb_row][et_pb_row _builder_version=&#8221;3.19.6&#8243;][et_pb_column type=&#8221;4_4&#8243; _builder_version=&#8221;3.15&#8243; parallax=&#8221;off&#8221; parallax_method=&#8221;on&#8221;][et_pb_text _builder_version=&#8221;3.19.6&#8243; header_font=&#8221;||||||||&#8221; custom_padding=&#8221;|10px||10px&#8221;]Per eventi con una capacit\u00e0 di 150-200 persone, il nostro chef pu\u00f2 offrirvi vari gusti alternativi per soddisfare i vostri ospiti prescelti. Per ulteriori eventi, il nostro spazio \u00e8 disponibile per il catering.<br \/>\n[\/et_pb_text][\/et_pb_column][\/et_pb_row][\/et_pb_section][et_pb_section fb_built=&#8221;1&#8243; _builder_version=&#8221;3.17.6&#8243; background_color=&#8221;#373d42&#8243; custom_padding=&#8221;0|0px|0|0px|false|false&#8221;][et_pb_row make_fullwidth=&#8221;on&#8221; use_custom_gutter=&#8221;on&#8221; gutter_width=&#8221;1&#8243; custom_padding=&#8221;417px||191px||false|false&#8221; custom_margin=&#8221;|||&#8221; module_class=&#8221;row-full-1&#8243; _builder_version=&#8221;3.17.6&#8243; background_image=&#8221;https:\/\/www.cervi.gr\/wp-content\/uploads\/2018\/11\/cervi-bar-restaurant-beach-cocktail-elafonisos-greece-wedding-party-dinner.-beack-simos-s3.jpg&#8221;][et_pb_column type=&#8221;4_4&#8243; _builder_version=&#8221;3.15&#8243; parallax=&#8221;off&#8221; parallax_method=&#8221;on&#8221;][et_pb_image src=&#8221;https:\/\/www.cervi.gr\/wp-content\/uploads\/2018\/09\/LOGO-elafonisos-cervi-beach-cocktail-WHITE.png&#8221; _builder_version=&#8221;3.17.6&#8243; max_width=&#8221;100px&#8221; module_alignment=&#8221;center&#8221; custom_margin=&#8221;|||&#8221; custom_padding=&#8221;||30px|&#8221;][\/et_pb_image][et_pb_text _builder_version=&#8221;3.15&#8243; header_font=&#8221;||||||||&#8221; header_3_font=&#8221;|300||on|||||&#8221; header_3_text_align=&#8221;center&#8221; header_3_text_color=&#8221;#ffffff&#8221; header_3_font_size=&#8221;220%&#8221;]<\/p>\n<h3>Ogni estate \u00e8 unica qui<\/h3>\n<p>[\/et_pb_text][\/et_pb_column][\/et_pb_row][et_pb_row custom_padding=&#8221;0|0px|9px|0px|false|false&#8221; _builder_version=&#8221;3.15&#8243;][et_pb_column type=&#8221;4_4&#8243; _builder_version=&#8221;3.15&#8243; parallax=&#8221;off&#8221; parallax_method=&#8221;on&#8221;][et_pb_text _builder_version=&#8221;3.19.6&#8243; text_font=&#8221;|300|||||||&#8221; text_text_color=&#8221;#ffffff&#8221; text_font_size=&#8221;22px&#8221; text_letter_spacing=&#8221;1px&#8221; text_line_height=&#8221;1em&#8221; text_line_height_phone=&#8221;1.2em&#8221; text_line_height_last_edited=&#8221;on|phone&#8221; background_color=&#8221;#7cccbf&#8221; text_orientation=&#8221;center&#8221; max_width=&#8221;80%&#8221; max_width_tablet=&#8221;85%&#8221; max_width_phone=&#8221;91%&#8221; max_width_last_edited=&#8221;on|phone&#8221; module_alignment=&#8221;center&#8221; custom_margin=&#8221;-14px|||&#8221; custom_margin_last_edited=&#8221;on|desktop&#8221;]<\/p>\n<div class=\"et_pb_section et_pb_section_7 et_pb_with_background et_section_regular\">\n<div class=\"et_pb_row et_pb_row_11\">\n<div class=\"et_pb_column et_pb_column_4_4 et_pb_column_13    et_pb_css_mix_blend_mode_passthrough et-last-child\">\n<div class=\"et_pb_module et_pb_text et_pb_text_25 et_pb_bg_layout_light  et_pb_text_align_center\">\n<div class=\"et_pb_text_inner\">IL POSTO PREFERITO DI OGNI SUMMER DA ESSERE<\/div>\n<\/div>\n<\/div>\n<\/div>\n<\/div>\n<p>[\/et_pb_text][\/et_pb_column][\/et_pb_row][\/et_pb_section][et_pb_section fb_built=&#8221;1&#8243; _builder_version=&#8221;3.17.2&#8243; background_color=&#8221;#373d42&#8243; background_color_gradient_direction=&#8221;90deg&#8221; custom_padding=&#8221;35px|0px|35px|0px|true|false&#8221; custom_css_main_element=&#8221;z-index:1!important;&#8221; global_module=&#8221;471&#8243; collapsed=&#8221;off&#8221;][et_pb_row use_custom_width=&#8221;on&#8221; custom_width_px=&#8221;900px&#8221; _builder_version=&#8221;3.19.6&#8243; animation_style=&#8221;slide&#8221; animation_direction=&#8221;bottom&#8221;][et_pb_column type=&#8221;4_4&#8243; _builder_version=&#8221;3.0.47&#8243; parallax=&#8221;off&#8221; parallax_method=&#8221;on&#8221;][et_pb_image src=&#8221;https:\/\/www.cervi.gr\/wp-content\/uploads\/2018\/10\/elafonisos-cervi-beach-bar-restaurant-cocktail-map.png&#8221; show_bottom_space=&#8221;off&#8221; align=&#8221;center&#8221; _builder_version=&#8221;3.15&#8243; max_width=&#8221;35px&#8221;][\/et_pb_image][et_pb_text _builder_version=&#8221;3.19.6&#8243; text_font=&#8221;|600|||||||&#8221; text_text_color=&#8221;#D9DADB&#8221; text_font_size=&#8221;26px&#8221; text_line_height=&#8221;1em&#8221; link_font=&#8221;||||||||&#8221; link_text_color=&#8221;#d9dadb&#8221; header_font=&#8221;||||||||&#8221; border_color_bottom=&#8221;#7cccbf&#8221; custom_margin=&#8221;||0px&#8221; custom_padding=&#8221;||&#8221;]<\/p>\n<h3 style=\"text-align: center;\"><a href=\"https:\/\/www.cervi.gr\/it\/contatto\/#map\">ACCESS<\/a><\/h3>\n<p style=\"text-align: center;\"><a href=\"https:\/\/www.cervi.gr\/it\/contatto\/#map\">MAP<\/a><\/p>\n<p>[\/et_pb_text][et_pb_image src=&#8221;https:\/\/www.cervi.gr\/wp-content\/uploads\/2018\/10\/elafonisos-cervi-beach-bar-restaurant-cocktail-arrow.png&#8221; url=&#8221;https:\/\/www.cervi.gr\/it\/contatto\/#map&#8221; align=&#8221;center&#8221; _builder_version=&#8221;3.19.6&#8243; custom_margin=&#8221;-46px|||&#8221;][\/et_pb_image][et_pb_text _builder_version=&#8221;3.19.6&#8243; text_font=&#8221;|600|||||||&#8221; text_text_color=&#8221;#c6c7c8&#8243; text_line_height=&#8221;2em&#8221; link_font=&#8221;||||||||&#8221; link_text_color=&#8221;#d9dadb&#8221; header_font=&#8221;||||||||&#8221; border_color_bottom=&#8221;#7cccbf&#8221; custom_margin=&#8221;||0px&#8221; custom_padding=&#8221;20px||&#8221;]<\/p>\n<div class=\"et_pb_row et_pb_row_12\">\n<div class=\"et_pb_column et_pb_column_4_4 et_pb_column_14    et_pb_css_mix_blend_mode_passthrough et-last-child\">\n<div class=\"et_pb_with_border et_pb_module et_pb_text et_pb_text_27 et_pb_bg_layout_light  et_pb_text_align_left\">\n<div class=\"et_pb_text_inner\" style=\"text-align: center;\">Noi, le persone di Cervi, nel rispetto della diversit\u00e0 e dell\u2019ambiente naturale, abbiamo creato l\u2019infrastruttura appropriata in modo che tutte le nostre strutture possano essere accessibili da persone con disabilit\u00e0, che sono servite come priorit\u00e0 all\u2019interno di esse.<\/div>\n<\/div>\n<\/div>\n<\/div>\n<p>[\/et_pb_text][\/et_pb_column][\/et_pb_row][et_pb_row _builder_version=&#8221;3.19.6&#8243; custom_margin_last_edited=&#8221;on|tablet&#8221;][et_pb_column type=&#8221;1_4&#8243; _builder_version=&#8221;3.0.47&#8243; parallax=&#8221;off&#8221; parallax_method=&#8221;on&#8221;][et_pb_text _builder_version=&#8221;3.18.8&#8243; text_font=&#8221;||||||||&#8221; text_text_color=&#8221;#c6c7c8&#8243; custom_padding_tablet=&#8221;|||25%&#8221; custom_padding_last_edited=&#8221;on|tablet&#8221;]<\/p>\n<p><img decoding=\"async\" src=\"https:\/\/www.cervi.gr\/wp-content\/uploads\/2018\/09\/LOGO-elafonisos-cervi-beach-cocktail-WHITE.png\" width=\"60\" alt=\"LOGO-elafonisos-cervi-beach-cocktail-WHITE\" class=\"wp-image-123 alignnone size-full\" srcset=\"https:\/\/www.cervi.gr\/wp-content\/uploads\/2018\/09\/LOGO-elafonisos-cervi-beach-cocktail-WHITE.png 694w, https:\/\/www.cervi.gr\/wp-content\/uploads\/2018\/09\/LOGO-elafonisos-cervi-beach-cocktail-WHITE-150x150.png 150w, https:\/\/www.cervi.gr\/wp-content\/uploads\/2018\/09\/LOGO-elafonisos-cervi-beach-cocktail-WHITE-300x300.png 300w, https:\/\/www.cervi.gr\/wp-content\/uploads\/2018\/09\/LOGO-elafonisos-cervi-beach-cocktail-WHITE-610x607.png 610w\" sizes=\"(max-width: 694px) 100vw, 694px\" \/>\u00a0CONTACT US VIA<\/p>\n<p><a href=\"https:\/\/www.cervi.gr\/it\/contatto\/\"><img loading=\"lazy\" decoding=\"async\" src=\"https:\/\/www.cervi.gr\/wp-content\/uploads\/2018\/10\/elafonisos-cervi-beach-bar-restaurant-cocktail-contact-email.png\" width=\"30\" height=\"19\" alt=\"\" class=\"wp-image-447 alignnone size-full\" \/><\/a>\u00a0 \u00a0 \u00a0 \u00a0 \u00a0\u00a0<a href=\"tel:+30%206945 972 671\" target=\"_blank\" rel=\"noopener noreferrer\"><span style=\"color: #7cccbf;\">+30 6945 972 671<\/span><\/a><\/p>\n<p><span style=\"color: #7cccbf;\">EMAIL\u00a0 \u00a0 \u00a0 \u00a0 \u00a0 \u00a0 \u00a0 \u00a0 \u00a0 TEL.<\/span><\/p>\n<p>[\/et_pb_text][\/et_pb_column][et_pb_column type=&#8221;1_4&#8243; _builder_version=&#8221;3.0.47&#8243; parallax=&#8221;off&#8221; parallax_method=&#8221;on&#8221;][et_pb_text _builder_version=&#8221;3.18.8&#8243; text_font=&#8221;||||||||&#8221; text_text_color=&#8221;#c6c7c8&#8243; header_font=&#8221;||||||||&#8221; custom_padding=&#8221;42px|||30px&#8221; custom_padding_tablet=&#8221;|||20%&#8221; custom_padding_phone=&#8221;|||35%&#8221; custom_padding_last_edited=&#8221;on|tablet&#8221;]<\/p>\n<p>VISIT US ON<\/p>\n<p><a href=\"https:\/\/www.facebook.com\/cervibeachbar\/\" target=\"_blank\" rel=\"noopener noreferrer\"><img loading=\"lazy\" decoding=\"async\" src=\"https:\/\/www.cervi.gr\/wp-content\/uploads\/2018\/10\/facebook-cervi-elafonisos-beach-bar.png\" width=\"27\" height=\"30\" alt=\"\" class=\"wp-image-453 alignnone size-full\" \/><\/a>\u00a0 \u00a0<a href=\"https:\/\/www.instagram.com\/cervi_beach_bar\/\" target=\"_blank\" rel=\"noopener noreferrer\"><img loading=\"lazy\" decoding=\"async\" src=\"https:\/\/www.cervi.gr\/wp-content\/uploads\/2018\/10\/instagram-cervi-elafonisos-beach-bar.png\" width=\"27\" height=\"30\" alt=\"\" class=\"wp-image-456 alignnone size-full\" \/><\/a>\u00a0 \u00a0\u00a0<\/p>\n<p>[\/et_pb_text][\/et_pb_column][et_pb_column type=&#8221;1_4&#8243; _builder_version=&#8221;3.0.47&#8243; parallax=&#8221;off&#8221; parallax_method=&#8221;on&#8221;][et_pb_image src=&#8221;https:\/\/www.cervi.gr\/wp-content\/uploads\/2018\/10\/backtotop-cervi-elafonisos-beach-bar.png&#8221; align=&#8221;center&#8221; module_id=&#8221;et_pb_scroll_top&#8221; _builder_version=&#8221;3.19.6&#8243; custom_margin=&#8221;|||&#8221; custom_margin_phone=&#8221;|||&#8221; custom_margin_last_edited=&#8221;on|desktop&#8221;][\/et_pb_image][\/et_pb_column][et_pb_column type=&#8221;1_4&#8243; _builder_version=&#8221;3.0.47&#8243; parallax=&#8221;off&#8221; parallax_method=&#8221;on&#8221;][et_pb_signup mailchimp_list=&#8221;Cervi|0d04f1fdba&#8221; ip_address=&#8221;off&#8221; first_name_field=&#8221;off&#8221; last_name_field=&#8221;off&#8221; description=&#8221;SUBSCRIBE IN OUR NEWSLETTER&#8221; form_field_background_color=&#8221;#C6C7C8&#8243; _builder_version=&#8221;3.19.6&#8243; header_font=&#8221;||||||||&#8221; header_text_color=&#8221;#C6C7C8&#8243; header_font_size=&#8221;14px&#8221; form_field_font=&#8221;||||||||&#8221; form_field_line_height=&#8221;1em&#8221; body_font=&#8221;||||||||&#8221; body_text_color=&#8221;#c6c7c8&#8243; result_message_font=&#8221;||||||||&#8221; result_message_text_color=&#8221;#C6C7C8&#8243; use_background_color=&#8221;off&#8221; border_radii_fields=&#8221;on|0px|0px|0px|0px&#8221; custom_button=&#8221;on&#8221; button_text_size=&#8221;14px&#8221; button_border_width=&#8221;0px&#8221; button_border_color=&#8221;rgba(0,0,0,0)&#8221; button_border_radius=&#8221;0px&#8221; button_font=&#8221;||||||||&#8221; button_use_icon=&#8221;off&#8221; max_width_tablet=&#8221;80%&#8221; max_width_last_edited=&#8221;on|phone&#8221; custom_margin_phone=&#8221;|||&#8221; custom_margin_last_edited=&#8221;on|desktop&#8221; button_text_color_hover=&#8221;#ffffff&#8221; button_border_radius_hover=&#8221;0px&#8221; button_bg_color_hover=&#8221;rgba(124,204,191,0.76)&#8221; button_text_size__hover_enabled=&#8221;off&#8221; button_one_text_size__hover_enabled=&#8221;off&#8221; button_two_text_size__hover_enabled=&#8221;off&#8221; button_text_color__hover_enabled=&#8221;on&#8221; button_text_color__hover=&#8221;#ffffff&#8221; button_one_text_color__hover_enabled=&#8221;off&#8221; button_two_text_color__hover_enabled=&#8221;off&#8221; button_border_width__hover_enabled=&#8221;off&#8221; button_one_border_width__hover_enabled=&#8221;off&#8221; button_two_border_width__hover_enabled=&#8221;off&#8221; button_border_color__hover_enabled=&#8221;off&#8221; button_one_border_color__hover_enabled=&#8221;off&#8221; button_two_border_color__hover_enabled=&#8221;off&#8221; button_border_radius__hover_enabled=&#8221;on&#8221; button_border_radius__hover=&#8221;0px&#8221; button_one_border_radius__hover_enabled=&#8221;off&#8221; button_two_border_radius__hover_enabled=&#8221;off&#8221; button_letter_spacing__hover_enabled=&#8221;off&#8221; button_one_letter_spacing__hover_enabled=&#8221;off&#8221; button_two_letter_spacing__hover_enabled=&#8221;off&#8221; button_bg_color__hover_enabled=&#8221;on&#8221; button_bg_color__hover=&#8221;rgba(124,204,191,0.76)&#8221; button_one_bg_color__hover_enabled=&#8221;off&#8221; button_two_bg_color__hover_enabled=&#8221;off&#8221;][\/et_pb_signup][\/et_pb_column][\/et_pb_row][\/et_pb_section]<\/p>\n<span class=\"et_bloom_bottom_trigger\"><\/span>","protected":false},"excerpt":{"rendered":"<p>BUSINESS EVENTI A ELAFONISSOSPer eventi con una capacit\u00e0 di 150-200 persone, il nostro chef pu\u00f2 offrirvi vari gusti alternativi per soddisfare i vostri ospiti prescelti. Per ulteriori eventi, il nostro spazio \u00e8 disponibile per il catering. Ogni estate \u00e8 unica qui IL POSTO PREFERITO DI OGNI SUMMER DA ESSERE ACCESS MAP Noi, le persone di [&hellip;]<\/p>\n","protected":false},"author":2,"featured_media":0,"parent":67,"menu_order":2,"comment_status":"closed","ping_status":"closed","template":"","meta":{"_et_pb_use_builder":"on","_et_pb_old_content":"","_et_gb_content_width":"","footnotes":""},"class_list":["post-73","page","type-page","status-publish","hentry"],"yoast_head":"<!-- This site is optimized with the Yoast SEO plugin v27.2 - https:\/\/yoast.com\/product\/yoast-seo-wordpress\/ -->\n<title>Business Eventi - Cervi - Restaurant Bar \u03c3\u03c4\u03b7\u03bd \u0395\u03bb\u03b1\u03c6\u03cc\u03bd\u03b7\u03c3\u03bf<\/title>\n<meta name=\"robots\" content=\"index, follow, max-snippet:-1, max-image-preview:large, max-video-preview:-1\" \/>\n<link rel=\"canonical\" href=\"https:\/\/www.cervi.gr\/it\/eventi\/business-eventi\/\" \/>\n<meta property=\"og:locale\" content=\"it_IT\" \/>\n<meta property=\"og:type\" content=\"article\" \/>\n<meta property=\"og:title\" content=\"Business Eventi - Cervi - Restaurant Bar \u03c3\u03c4\u03b7\u03bd \u0395\u03bb\u03b1\u03c6\u03cc\u03bd\u03b7\u03c3\u03bf\" \/>\n<meta property=\"og:description\" content=\"BUSINESS EVENTI A ELAFONISSOSPer eventi con una capacit\u00e0 di 150-200 persone, il nostro chef pu\u00f2 offrirvi vari gusti alternativi per soddisfare i vostri ospiti prescelti. Per ulteriori eventi, il nostro spazio \u00e8 disponibile per il catering. Ogni estate \u00e8 unica qui IL POSTO PREFERITO DI OGNI SUMMER DA ESSERE ACCESS MAP Noi, le persone di [&hellip;]\" \/>\n<meta property=\"og:url\" content=\"https:\/\/www.cervi.gr\/it\/eventi\/business-eventi\/\" \/>\n<meta property=\"og:site_name\" content=\"Cervi - Restaurant Bar \u03c3\u03c4\u03b7\u03bd \u0395\u03bb\u03b1\u03c6\u03cc\u03bd\u03b7\u03c3\u03bf\" \/>\n<meta property=\"article:modified_time\" content=\"2019-06-14T10:27:33+00:00\" \/>\n<meta property=\"og:image\" content=\"https:\/\/www.cervi.gr\/wp-content\/uploads\/2018\/09\/LOGO-elafonisos-cervi-beach-cocktail-WHITE.png\" \/>\n<meta name=\"twitter:card\" content=\"summary_large_image\" \/>\n<meta name=\"twitter:label1\" content=\"Tempo di lettura stimato\" \/>\n\t<meta name=\"twitter:data1\" content=\"7 minuti\" \/>\n<script type=\"application\/ld+json\" class=\"yoast-schema-graph\">{\"@context\":\"https:\/\/schema.org\",\"@graph\":[{\"@type\":\"WebPage\",\"@id\":\"https:\/\/www.cervi.gr\/it\/eventi\/business-eventi\/\",\"url\":\"https:\/\/www.cervi.gr\/it\/eventi\/business-eventi\/\",\"name\":\"Business Eventi - Cervi - Restaurant Bar \u03c3\u03c4\u03b7\u03bd \u0395\u03bb\u03b1\u03c6\u03cc\u03bd\u03b7\u03c3\u03bf\",\"isPartOf\":{\"@id\":\"https:\/\/www.cervi.gr\/en\/#website\"},\"primaryImageOfPage\":{\"@id\":\"https:\/\/www.cervi.gr\/it\/eventi\/business-eventi\/#primaryimage\"},\"image\":{\"@id\":\"https:\/\/www.cervi.gr\/it\/eventi\/business-eventi\/#primaryimage\"},\"thumbnailUrl\":\"https:\/\/www.cervi.gr\/wp-content\/uploads\/2018\/09\/LOGO-elafonisos-cervi-beach-cocktail-WHITE.png\",\"datePublished\":\"2018-06-08T23:05:50+00:00\",\"dateModified\":\"2019-06-14T10:27:33+00:00\",\"breadcrumb\":{\"@id\":\"https:\/\/www.cervi.gr\/it\/eventi\/business-eventi\/#breadcrumb\"},\"inLanguage\":\"it-IT\",\"potentialAction\":[{\"@type\":\"ReadAction\",\"target\":[\"https:\/\/www.cervi.gr\/it\/eventi\/business-eventi\/\"]}]},{\"@type\":\"ImageObject\",\"inLanguage\":\"it-IT\",\"@id\":\"https:\/\/www.cervi.gr\/it\/eventi\/business-eventi\/#primaryimage\",\"url\":\"https:\/\/www.cervi.gr\/wp-content\/uploads\/2018\/09\/LOGO-elafonisos-cervi-beach-cocktail-WHITE.png\",\"contentUrl\":\"https:\/\/www.cervi.gr\/wp-content\/uploads\/2018\/09\/LOGO-elafonisos-cervi-beach-cocktail-WHITE.png\"},{\"@type\":\"BreadcrumbList\",\"@id\":\"https:\/\/www.cervi.gr\/it\/eventi\/business-eventi\/#breadcrumb\",\"itemListElement\":[{\"@type\":\"ListItem\",\"position\":1,\"name\":\"Home\",\"item\":\"https:\/\/www.cervi.gr\/it\/cervi-beach-bar-restaurant-simos-beach-elafonisos\/\"},{\"@type\":\"ListItem\",\"position\":2,\"name\":\"Eventi\",\"item\":\"https:\/\/www.cervi.gr\/it\/eventi\/\"},{\"@type\":\"ListItem\",\"position\":3,\"name\":\"Business Eventi\"}]},{\"@type\":\"WebSite\",\"@id\":\"https:\/\/www.cervi.gr\/en\/#website\",\"url\":\"https:\/\/www.cervi.gr\/en\/\",\"name\":\"Cervi - Restaurant Bar \u03c3\u03c4\u03b7\u03bd \u0395\u03bb\u03b1\u03c6\u03cc\u03bd\u03b7\u03c3\u03bf\",\"description\":\"\u03a3\u03af\u03bc\u03bf\u03c2 \u0395\u03bb\u03b1\u03c6\u03cc\u03bd\u03b7\u03c3\u03bf\u03c2, \u03b7 \u03ba\u03b1\u03bb\u03cd\u03c4\u03b5\u03c1\u03b7 \u03c0\u03b1\u03c1\u03b1\u03bb\u03af\u03b1 \u03c4\u03b7\u03c2 \u0395\u03bb\u03bb\u03ac\u03b4\u03b1\u03c2\",\"potentialAction\":[{\"@type\":\"SearchAction\",\"target\":{\"@type\":\"EntryPoint\",\"urlTemplate\":\"https:\/\/www.cervi.gr\/en\/?s={search_term_string}\"},\"query-input\":{\"@type\":\"PropertyValueSpecification\",\"valueRequired\":true,\"valueName\":\"search_term_string\"}}],\"inLanguage\":\"it-IT\"}]}<\/script>\n<!-- \/ Yoast SEO plugin. -->","yoast_head_json":{"title":"Business Eventi - Cervi - Restaurant Bar \u03c3\u03c4\u03b7\u03bd \u0395\u03bb\u03b1\u03c6\u03cc\u03bd\u03b7\u03c3\u03bf","robots":{"index":"index","follow":"follow","max-snippet":"max-snippet:-1","max-image-preview":"max-image-preview:large","max-video-preview":"max-video-preview:-1"},"canonical":"https:\/\/www.cervi.gr\/it\/eventi\/business-eventi\/","og_locale":"it_IT","og_type":"article","og_title":"Business Eventi - Cervi - Restaurant Bar \u03c3\u03c4\u03b7\u03bd \u0395\u03bb\u03b1\u03c6\u03cc\u03bd\u03b7\u03c3\u03bf","og_description":"BUSINESS EVENTI A ELAFONISSOSPer eventi con una capacit\u00e0 di 150-200 persone, il nostro chef pu\u00f2 offrirvi vari gusti alternativi per soddisfare i vostri ospiti prescelti. Per ulteriori eventi, il nostro spazio \u00e8 disponibile per il catering. Ogni estate \u00e8 unica qui IL POSTO PREFERITO DI OGNI SUMMER DA ESSERE ACCESS MAP Noi, le persone di [&hellip;]","og_url":"https:\/\/www.cervi.gr\/it\/eventi\/business-eventi\/","og_site_name":"Cervi - Restaurant Bar \u03c3\u03c4\u03b7\u03bd \u0395\u03bb\u03b1\u03c6\u03cc\u03bd\u03b7\u03c3\u03bf","article_modified_time":"2019-06-14T10:27:33+00:00","og_image":[{"url":"https:\/\/www.cervi.gr\/wp-content\/uploads\/2018\/09\/LOGO-elafonisos-cervi-beach-cocktail-WHITE.png","type":"","width":"","height":""}],"twitter_card":"summary_large_image","twitter_misc":{"Tempo di lettura stimato":"7 minuti"},"schema":{"@context":"https:\/\/schema.org","@graph":[{"@type":"WebPage","@id":"https:\/\/www.cervi.gr\/it\/eventi\/business-eventi\/","url":"https:\/\/www.cervi.gr\/it\/eventi\/business-eventi\/","name":"Business Eventi - Cervi - Restaurant Bar \u03c3\u03c4\u03b7\u03bd \u0395\u03bb\u03b1\u03c6\u03cc\u03bd\u03b7\u03c3\u03bf","isPartOf":{"@id":"https:\/\/www.cervi.gr\/en\/#website"},"primaryImageOfPage":{"@id":"https:\/\/www.cervi.gr\/it\/eventi\/business-eventi\/#primaryimage"},"image":{"@id":"https:\/\/www.cervi.gr\/it\/eventi\/business-eventi\/#primaryimage"},"thumbnailUrl":"https:\/\/www.cervi.gr\/wp-content\/uploads\/2018\/09\/LOGO-elafonisos-cervi-beach-cocktail-WHITE.png","datePublished":"2018-06-08T23:05:50+00:00","dateModified":"2019-06-14T10:27:33+00:00","breadcrumb":{"@id":"https:\/\/www.cervi.gr\/it\/eventi\/business-eventi\/#breadcrumb"},"inLanguage":"it-IT","potentialAction":[{"@type":"ReadAction","target":["https:\/\/www.cervi.gr\/it\/eventi\/business-eventi\/"]}]},{"@type":"ImageObject","inLanguage":"it-IT","@id":"https:\/\/www.cervi.gr\/it\/eventi\/business-eventi\/#primaryimage","url":"https:\/\/www.cervi.gr\/wp-content\/uploads\/2018\/09\/LOGO-elafonisos-cervi-beach-cocktail-WHITE.png","contentUrl":"https:\/\/www.cervi.gr\/wp-content\/uploads\/2018\/09\/LOGO-elafonisos-cervi-beach-cocktail-WHITE.png"},{"@type":"BreadcrumbList","@id":"https:\/\/www.cervi.gr\/it\/eventi\/business-eventi\/#breadcrumb","itemListElement":[{"@type":"ListItem","position":1,"name":"Home","item":"https:\/\/www.cervi.gr\/it\/cervi-beach-bar-restaurant-simos-beach-elafonisos\/"},{"@type":"ListItem","position":2,"name":"Eventi","item":"https:\/\/www.cervi.gr\/it\/eventi\/"},{"@type":"ListItem","position":3,"name":"Business Eventi"}]},{"@type":"WebSite","@id":"https:\/\/www.cervi.gr\/en\/#website","url":"https:\/\/www.cervi.gr\/en\/","name":"Cervi - Restaurant Bar \u03c3\u03c4\u03b7\u03bd \u0395\u03bb\u03b1\u03c6\u03cc\u03bd\u03b7\u03c3\u03bf","description":"\u03a3\u03af\u03bc\u03bf\u03c2 \u0395\u03bb\u03b1\u03c6\u03cc\u03bd\u03b7\u03c3\u03bf\u03c2, \u03b7 \u03ba\u03b1\u03bb\u03cd\u03c4\u03b5\u03c1\u03b7 \u03c0\u03b1\u03c1\u03b1\u03bb\u03af\u03b1 \u03c4\u03b7\u03c2 \u0395\u03bb\u03bb\u03ac\u03b4\u03b1\u03c2","potentialAction":[{"@type":"SearchAction","target":{"@type":"EntryPoint","urlTemplate":"https:\/\/www.cervi.gr\/en\/?s={search_term_string}"},"query-input":{"@type":"PropertyValueSpecification","valueRequired":true,"valueName":"search_term_string"}}],"inLanguage":"it-IT"}]}},"_links":{"self":[{"href":"https:\/\/www.cervi.gr\/it\/wp-json\/wp\/v2\/pages\/73","targetHints":{"allow":["GET"]}}],"collection":[{"href":"https:\/\/www.cervi.gr\/it\/wp-json\/wp\/v2\/pages"}],"about":[{"href":"https:\/\/www.cervi.gr\/it\/wp-json\/wp\/v2\/types\/page"}],"author":[{"embeddable":true,"href":"https:\/\/www.cervi.gr\/it\/wp-json\/wp\/v2\/users\/2"}],"replies":[{"embeddable":true,"href":"https:\/\/www.cervi.gr\/it\/wp-json\/wp\/v2\/comments?post=73"}],"version-history":[{"count":2,"href":"https:\/\/www.cervi.gr\/it\/wp-json\/wp\/v2\/pages\/73\/revisions"}],"predecessor-version":[{"id":2119,"href":"https:\/\/www.cervi.gr\/it\/wp-json\/wp\/v2\/pages\/73\/revisions\/2119"}],"up":[{"embeddable":true,"href":"https:\/\/www.cervi.gr\/it\/wp-json\/wp\/v2\/pages\/67"}],"wp:attachment":[{"href":"https:\/\/www.cervi.gr\/it\/wp-json\/wp\/v2\/media?parent=73"}],"curies":[{"name":"wp","href":"https:\/\/api.w.org\/{rel}","templated":true}]}}